{"id":59,"date":"2021-08-10T16:37:02","date_gmt":"2021-08-10T16:37:02","guid":{"rendered":"https:\/\/praxis-afb.de\/?page_id=59"},"modified":"2021-08-10T16:39:25","modified_gmt":"2021-08-10T16:39:25","slug":"teamcoaching","status":"publish","type":"page","link":"https:\/\/praxis-afb.de\/?page_id=59","title":{"rendered":"Teamcoaching"},"content":{"rendered":"\n<p>Im Teamcoaching gibt es genau so viele Themen wie jedes einzelne Teammitglied mitbringt. Dies kann manchmal zu Konflikten f\u00fchren.<\/p>\n\n\n\n<p>Im Coachingprozess k\u00f6nnen Konflikte innerhalb eines bestehenden Teams gekl\u00e4rt werden,&nbsp; innerhalb neu zusammengestellter Teams die Rollen gesucht und gefunden werden, es kann ein F\u00fchrungswechsel begleitet werden, oder es geht um die Weiterentwicklung im Team oder Konzeptarbeit.<\/p>\n","protected":false},"excerpt":{"rendered":"<p>Im Teamcoaching gibt es genau so viele Themen wie jedes einzelne Teammitglied mitbringt. Dies kann manchmal zu Konflikten f\u00fchren. Im Coachingprozess k\u00f6nnen Konflikte innerhalb eines bestehenden Teams gekl\u00e4rt werden,&nbsp; innerhalb neu zusammengestellter Teams die Rollen gesucht und gefunden werden, es kann ein F\u00fchrungswechsel begleitet werden, oder es geht um die Weiterentwicklung im Team oder Konzeptarbeit.<\/p>\n","protected":false},"author":1,"featured_media":0,"parent":0,"menu_order":0,"comment_status":"closed","ping_status":"closed","template":"","meta":{"footnotes":""},"class_list":["post-59","page","type-page","status-publish","hentry"],"yoast_head":"<!-- This site is optimized with the Yoast SEO plugin v27.4 - https:\/\/yoast.com\/product\/yoast-seo-wordpress\/ -->\n<title>Teamcoaching - Glen Bernhardt Coach<\/title>\n<meta name=\"robots\" content=\"index, follow, max-snippet:-1, max-image-preview:large, max-video-preview:-1\" \/>\n<link rel=\"canonical\" href=\"https:\/\/praxis-afb.de\/?page_id=59\" \/>\n<meta property=\"og:locale\" content=\"de_DE\" \/>\n<meta property=\"og:type\" content=\"article\" \/>\n<meta property=\"og:title\" content=\"Teamcoaching - Glen Bernhardt Coach\" \/>\n<meta property=\"og:description\" content=\"Im Teamcoaching gibt es genau so viele Themen wie jedes einzelne Teammitglied mitbringt. Dies kann manchmal zu Konflikten f\u00fchren. Im Coachingprozess k\u00f6nnen Konflikte innerhalb eines bestehenden Teams gekl\u00e4rt werden,&nbsp; innerhalb neu zusammengestellter Teams die Rollen gesucht und gefunden werden, es kann ein F\u00fchrungswechsel begleitet werden, oder es geht um die Weiterentwicklung im Team oder Konzeptarbeit.\" \/>\n<meta property=\"og:url\" content=\"https:\/\/praxis-afb.de\/?page_id=59\" \/>\n<meta property=\"og:site_name\" content=\"Glen Bernhardt Coach\" \/>\n<meta property=\"article:modified_time\" content=\"2021-08-10T16:39:25+00:00\" \/>\n<meta name=\"twitter:card\" content=\"summary_large_image\" \/>\n<meta name=\"twitter:label1\" content=\"Gesch\u00e4tzte Lesezeit\" \/>\n\t<meta name=\"twitter:data1\" content=\"1\u00a0Minute\" \/>\n<script type=\"application\/ld+json\" class=\"yoast-schema-graph\">{\"@context\":\"https:\\\/\\\/schema.org\",\"@graph\":[{\"@type\":\"WebPage\",\"@id\":\"https:\\\/\\\/praxis-afb.de\\\/?page_id=59\",\"url\":\"https:\\\/\\\/praxis-afb.de\\\/?page_id=59\",\"name\":\"Teamcoaching - Glen Bernhardt Coach\",\"isPartOf\":{\"@id\":\"https:\\\/\\\/praxis-afb.de\\\/#website\"},\"datePublished\":\"2021-08-10T16:37:02+00:00\",\"dateModified\":\"2021-08-10T16:39:25+00:00\",\"breadcrumb\":{\"@id\":\"https:\\\/\\\/praxis-afb.de\\\/?page_id=59#breadcrumb\"},\"inLanguage\":\"de\",\"potentialAction\":[{\"@type\":\"ReadAction\",\"target\":[\"https:\\\/\\\/praxis-afb.de\\\/?page_id=59\"]}]},{\"@type\":\"BreadcrumbList\",\"@id\":\"https:\\\/\\\/praxis-afb.de\\\/?page_id=59#breadcrumb\",\"itemListElement\":[{\"@type\":\"ListItem\",\"position\":1,\"name\":\"Home\",\"item\":\"https:\\\/\\\/praxis-afb.de\\\/\"},{\"@type\":\"ListItem\",\"position\":2,\"name\":\"Teamcoaching\"}]},{\"@type\":\"WebSite\",\"@id\":\"https:\\\/\\\/praxis-afb.de\\\/#website\",\"url\":\"https:\\\/\\\/praxis-afb.de\\\/\",\"name\":\"Glen Bernhardt Coach\",\"description\":\"Inahber: Glen Heide Master- \\\/ Lehrcoach DGfC e.V.\",\"potentialAction\":[{\"@type\":\"SearchAction\",\"target\":{\"@type\":\"EntryPoint\",\"urlTemplate\":\"https:\\\/\\\/praxis-afb.de\\\/?s={search_term_string}\"},\"query-input\":{\"@type\":\"PropertyValueSpecification\",\"valueRequired\":true,\"valueName\":\"search_term_string\"}}],\"inLanguage\":\"de\"}]}<\/script>\n<!-- \/ Yoast SEO plugin. -->","yoast_head_json":{"title":"Teamcoaching - Glen Bernhardt Coach","robots":{"index":"index","follow":"follow","max-snippet":"max-snippet:-1","max-image-preview":"max-image-preview:large","max-video-preview":"max-video-preview:-1"},"canonical":"https:\/\/praxis-afb.de\/?page_id=59","og_locale":"de_DE","og_type":"article","og_title":"Teamcoaching - Glen Bernhardt Coach","og_description":"Im Teamcoaching gibt es genau so viele Themen wie jedes einzelne Teammitglied mitbringt. Dies kann manchmal zu Konflikten f\u00fchren. Im Coachingprozess k\u00f6nnen Konflikte innerhalb eines bestehenden Teams gekl\u00e4rt werden,&nbsp; innerhalb neu zusammengestellter Teams die Rollen gesucht und gefunden werden, es kann ein F\u00fchrungswechsel begleitet werden, oder es geht um die Weiterentwicklung im Team oder Konzeptarbeit.","og_url":"https:\/\/praxis-afb.de\/?page_id=59","og_site_name":"Glen Bernhardt Coach","article_modified_time":"2021-08-10T16:39:25+00:00","twitter_card":"summary_large_image","twitter_misc":{"Gesch\u00e4tzte Lesezeit":"1\u00a0Minute"},"schema":{"@context":"https:\/\/schema.org","@graph":[{"@type":"WebPage","@id":"https:\/\/praxis-afb.de\/?page_id=59","url":"https:\/\/praxis-afb.de\/?page_id=59","name":"Teamcoaching - Glen Bernhardt Coach","isPartOf":{"@id":"https:\/\/praxis-afb.de\/#website"},"datePublished":"2021-08-10T16:37:02+00:00","dateModified":"2021-08-10T16:39:25+00:00","breadcrumb":{"@id":"https:\/\/praxis-afb.de\/?page_id=59#breadcrumb"},"inLanguage":"de","potentialAction":[{"@type":"ReadAction","target":["https:\/\/praxis-afb.de\/?page_id=59"]}]},{"@type":"BreadcrumbList","@id":"https:\/\/praxis-afb.de\/?page_id=59#breadcrumb","itemListElement":[{"@type":"ListItem","position":1,"name":"Home","item":"https:\/\/praxis-afb.de\/"},{"@type":"ListItem","position":2,"name":"Teamcoaching"}]},{"@type":"WebSite","@id":"https:\/\/praxis-afb.de\/#website","url":"https:\/\/praxis-afb.de\/","name":"Glen Bernhardt Coach","description":"Inahber: Glen Heide Master- \/ Lehrcoach DGfC e.V.","potentialAction":[{"@type":"SearchAction","target":{"@type":"EntryPoint","urlTemplate":"https:\/\/praxis-afb.de\/?s={search_term_string}"},"query-input":{"@type":"PropertyValueSpecification","valueRequired":true,"valueName":"search_term_string"}}],"inLanguage":"de"}]}},"_links":{"self":[{"href":"https:\/\/praxis-afb.de\/index.php?rest_route=\/wp\/v2\/pages\/59","targetHints":{"allow":["GET"]}}],"collection":[{"href":"https:\/\/praxis-afb.de\/index.php?rest_route=\/wp\/v2\/pages"}],"about":[{"href":"https:\/\/praxis-afb.de\/index.php?rest_route=\/wp\/v2\/types\/page"}],"author":[{"embeddable":true,"href":"https:\/\/praxis-afb.de\/index.php?rest_route=\/wp\/v2\/users\/1"}],"replies":[{"embeddable":true,"href":"https:\/\/praxis-afb.de\/index.php?rest_route=%2Fwp%2Fv2%2Fcomments&post=59"}],"version-history":[{"count":2,"href":"https:\/\/praxis-afb.de\/index.php?rest_route=\/wp\/v2\/pages\/59\/revisions"}],"predecessor-version":[{"id":71,"href":"https:\/\/praxis-afb.de\/index.php?rest_route=\/wp\/v2\/pages\/59\/revisions\/71"}],"wp:attachment":[{"href":"https:\/\/praxis-afb.de\/index.php?rest_route=%2Fwp%2Fv2%2Fmedia&parent=59"}],"curies":[{"name":"wp","href":"https:\/\/api.w.org\/{rel}","templated":true}]}}